{"id":8711,"date":"2025-10-16T12:30:53","date_gmt":"2025-10-16T12:30:53","guid":{"rendered":"http:\/\/frenchpansari.com\/?page_id=8711"},"modified":"2026-01-08T09:50:57","modified_gmt":"2026-01-08T09:50:57","slug":"terms-conditions","status":"publish","type":"page","link":"https:\/\/frenchpansari.com\/en\/terms-conditions\/","title":{"rendered":"Terms &amp; Conditions"},"content":{"rendered":"<div data-elementor-type=\"wp-post\" data-elementor-id=\"8711\" class=\"elementor elementor-8711\">\n\t\t\t\t<div class=\"elementor-element elementor-element-f6a4c55 e-con-full e-flex e-con e-parent\" data-id=\"f6a4c55\" data-element_type=\"container\" data-settings=\"{&quot;background_background&quot;:&quot;classic&quot;}\">\n\t\t<div class=\"elementor-element elementor-element-df1af7c e-con-full e-flex e-con e-child\" data-id=\"df1af7c\" data-element_type=\"container\">\n\t\t\t\t<div class=\"elementor-element elementor-element-7b75ff7 elementor-widget elementor-widget-heading\" data-id=\"7b75ff7\" data-element_type=\"widget\" data-widget_type=\"heading.default\">\n\t\t\t\t<div class=\"elementor-widget-container\">\n\t\t\t\t\t<h1 class=\"elementor-heading-title elementor-size-default\">Terms and Conditions :<\/h1>\t\t\t\t<\/div>\n\t\t\t\t<\/div>\n\t\t\t\t<\/div>\n\t\t\t\t<\/div>\n\t\t<div class=\"elementor-element elementor-element-4931690 e-flex e-con-boxed e-con e-parent\" data-id=\"4931690\" data-element_type=\"container\" data-settings=\"{&quot;background_background&quot;:&quot;classic&quot;}\">\n\t\t\t\t\t<div class=\"e-con-inner\">\n\t\t<div class=\"elementor-element elementor-element-b4d7f90 e-con-full e-flex e-con e-child\" data-id=\"b4d7f90\" data-element_type=\"container\">\n\t\t\t\t<div class=\"elementor-element elementor-element-13e40f5 elementor-widget elementor-widget-text-editor\" data-id=\"13e40f5\" data-element_type=\"widget\" data-widget_type=\"text-editor.default\">\n\t\t\t\t<div class=\"elementor-widget-container\">\n\t\t\t\t\t\t\t\t\t<p><span class=\"fontstyle0\">Updated version: 01\/12\/2025<\/span><\/p><p><span class=\"fontstyle0\">Publisher: Gagandeep Singh \u2013 Sole Proprietor<\/span><\/p><p><span class=\"fontstyle0\">Business Name: French Pansari<\/span><\/p><p><span class=\"fontstyle0\">Email: frenchpansari@gmail.com<\/span><\/p><p><span class=\"fontstyle0\">SIREN: 989 924 352<\/span><\/p><p><span class=\"fontstyle0\">Address: 14 rue Daniel Dohet 93350 Le Bourget<\/span> <br \/><br \/><\/p>\t\t\t\t\t\t\t\t<\/div>\n\t\t\t\t<\/div>\n\t\t\t\t<div class=\"elementor-element elementor-element-04b4fa3 elementor-position-left elementor-view-default elementor-mobile-position-top elementor-widget elementor-widget-icon-box\" data-id=\"04b4fa3\" data-element_type=\"widget\" data-widget_type=\"icon-box.default\">\n\t\t\t\t<div class=\"elementor-widget-container\">\n\t\t\t\t\t\t\t<div class=\"elementor-icon-box-wrapper\">\n\n\t\t\t\t\t\t<div class=\"elementor-icon-box-icon\">\n\t\t\t\t<span  class=\"elementor-icon\">\n\t\t\t\t<i aria-hidden=\"true\" class=\"fas fa-map-pin\"><\/i>\t\t\t\t<\/span>\n\t\t\t<\/div>\n\t\t\t\n\t\t\t\t\t\t<div class=\"elementor-icon-box-content\">\n\n\t\t\t\t\t\t\t\t\t<h3 class=\"elementor-icon-box-title\">\n\t\t\t\t\t\t<span  >\n\t\t\t\t\t\t\t1.Object\t\t\t\t\t\t<\/span>\n\t\t\t\t\t<\/h3>\n\t\t\t\t\n\t\t\t\t\n\t\t\t<\/div>\n\t\t\t\n\t\t<\/div>\n\t\t\t\t\t\t<\/div>\n\t\t\t\t<\/div>\n\t\t\t\t<div class=\"elementor-element elementor-element-ce8ebc5 elementor-widget elementor-widget-text-editor\" data-id=\"ce8ebc5\" data-element_type=\"widget\" data-widget_type=\"text-editor.default\">\n\t\t\t\t<div class=\"elementor-widget-container\">\n\t\t\t\t\t\t\t\t\t<p style=\"margin-bottom: 0in;\"><span class=\"fontstyle0\">These Terms and Conditions apply to the sale of Products on the\nsite\u2002frenchpansari.ease.com. com.<\/span> <\/p><p><span class=\"fontstyle0\">An order is accepted on the basis\u2002that the customer will be bound by these terms and\nconditions in their entirety to the exclusion of any other terms.<\/span> <\/p>\t\t\t\t\t\t\t\t<\/div>\n\t\t\t\t<\/div>\n\t\t\t\t<\/div>\n\t\t\t\t<div class=\"elementor-element elementor-element-5c824f3 elementor-widget elementor-widget-heading\" data-id=\"5c824f3\" data-element_type=\"widget\" data-widget_type=\"heading.default\">\n\t\t\t\t<div class=\"elementor-widget-container\">\n\t\t\t\t\t<h2 class=\"elementor-heading-title elementor-size-default\">Products<\/h2>\t\t\t\t<\/div>\n\t\t\t\t<\/div>\n\t\t\t\t<div class=\"elementor-element elementor-element-4472b0b elementor-widget elementor-widget-text-editor\" data-id=\"4472b0b\" data-element_type=\"widget\" data-widget_type=\"text-editor.default\">\n\t\t\t\t<div class=\"elementor-widget-container\">\n\t\t\t\t\t\t\t\t\t<p><span class=\"fontstyle0\">Description and presentation of the goods for sale The\u2002goods offered for sale are\ndescribed and presented as precisely as possible.<\/span> <\/p><p><span class=\"fontstyle0\">Photographs and\u2002texts showing the products are not contractual.The Shilajit sold on this website is a natural supplement that is considered as\na\u2002nutritional use only and it shall not be used for purposes of diagnosing, treating,\nremedy or preventing any illness.<\/span> <\/p><p><span class=\"fontstyle0\">This site does not contain medical or\u2002legal advice.<\/span> <\/p>\t\t\t\t\t\t\t\t<\/div>\n\t\t\t\t<\/div>\n\t\t\t\t\t<\/div>\n\t\t\t\t<\/div>\n\t\t<div class=\"elementor-element elementor-element-6010c2a e-flex e-con-boxed e-con e-parent\" data-id=\"6010c2a\" data-element_type=\"container\">\n\t\t\t\t\t<div class=\"e-con-inner\">\n\t\t\t\t<div class=\"elementor-element elementor-element-d7a2dae elementor-widget elementor-widget-heading\" data-id=\"d7a2dae\" data-element_type=\"widget\" data-widget_type=\"heading.default\">\n\t\t\t\t<div class=\"elementor-widget-container\">\n\t\t\t\t\t<h2 class=\"elementor-heading-title elementor-size-default\">3.Price\n<\/h2>\t\t\t\t<\/div>\n\t\t\t\t<\/div>\n\t\t\t\t\t<\/div>\n\t\t\t\t<\/div>\n\t\t<div class=\"elementor-element elementor-element-4d5f8f4 e-flex e-con-boxed e-con e-parent\" data-id=\"4d5f8f4\" data-element_type=\"container\">\n\t\t\t\t\t<div class=\"e-con-inner\">\n\t\t\t\t<div class=\"elementor-element elementor-element-897e5f3 elementor-widget elementor-widget-text-editor\" data-id=\"897e5f3\" data-element_type=\"widget\" data-widget_type=\"text-editor.default\">\n\t\t\t\t<div class=\"elementor-widget-container\">\n\t\t\t\t\t\t\t\t\t<p><span class=\"fontstyle0\">The prices are expressed in euros\u2002(\u20ac) and inclusive of all taxes (VAT).<\/span><\/p><p><span class=\"fontstyle0\">For mainland France, delivery costs are not included in\u2002the displayed price and are\ndisclosed when ordering.<\/span><\/p><p><span class=\"fontstyle0\">Prices are subject to change by the publisher at any time, but products\u2002will be billed\naccording to the prices in effect at the time of shipping.<\/span><\/p>\t\t\t\t\t\t\t\t<\/div>\n\t\t\t\t<\/div>\n\t\t\t\t\t<\/div>\n\t\t\t\t<\/div>\n\t\t<div class=\"elementor-element elementor-element-6e5b0df e-flex e-con-boxed e-con e-parent\" data-id=\"6e5b0df\" data-element_type=\"container\">\n\t\t\t\t\t<div class=\"e-con-inner\">\n\t\t\t\t<div class=\"elementor-element elementor-element-254a1d6 elementor-widget elementor-widget-heading\" data-id=\"254a1d6\" data-element_type=\"widget\" data-widget_type=\"heading.default\">\n\t\t\t\t<div class=\"elementor-widget-container\">\n\t\t\t\t\t<h2 class=\"elementor-heading-title elementor-size-default\">4.Order\n<\/h2>\t\t\t\t<\/div>\n\t\t\t\t<\/div>\n\t\t\t\t\t<\/div>\n\t\t\t\t<\/div>\n\t\t<div class=\"elementor-element elementor-element-60af707 e-flex e-con-boxed e-con e-parent\" data-id=\"60af707\" data-element_type=\"container\">\n\t\t\t\t\t<div class=\"e-con-inner\">\n\t\t\t\t<div class=\"elementor-element elementor-element-25894c8 elementor-widget elementor-widget-text-editor\" data-id=\"25894c8\" data-element_type=\"widget\" data-widget_type=\"text-editor.default\">\n\t\t\t\t<div class=\"elementor-widget-container\">\n\t\t\t\t\t\t\t\t\t<p><span class=\"fontstyle0\">The user validates the order by\u2002clicking on.<\/span> <\/p><p><span class=\"fontstyle0\">\u201cOrder\u2002with obligation to pay\u201d button.<\/span> <\/p><p><span class=\"fontstyle0\">These Terms and Conditions apply to all orders placed\u2002on this website.<\/span> <\/p><p><span class=\"fontstyle0\">You will receive an email\u2002order confirmation.<\/span><\/p>\t\t\t\t\t\t\t\t<\/div>\n\t\t\t\t<\/div>\n\t\t\t\t\t<\/div>\n\t\t\t\t<\/div>\n\t\t<div class=\"elementor-element elementor-element-ea7a066 e-flex e-con-boxed e-con e-parent\" data-id=\"ea7a066\" data-element_type=\"container\">\n\t\t\t\t\t<div class=\"e-con-inner\">\n\t\t\t\t<div class=\"elementor-element elementor-element-3e54d81 elementor-widget elementor-widget-heading\" data-id=\"3e54d81\" data-element_type=\"widget\" data-widget_type=\"heading.default\">\n\t\t\t\t<div class=\"elementor-widget-container\">\n\t\t\t\t\t<h2 class=\"elementor-heading-title elementor-size-default\">5.Payment\n<\/h2>\t\t\t\t<\/div>\n\t\t\t\t<\/div>\n\t\t\t\t\t<\/div>\n\t\t\t\t<\/div>\n\t\t<div class=\"elementor-element elementor-element-b927de3 e-flex e-con-boxed e-con e-parent\" data-id=\"b927de3\" data-element_type=\"container\">\n\t\t\t\t\t<div class=\"e-con-inner\">\n\t\t\t\t<div class=\"elementor-element elementor-element-2524d18 elementor-widget elementor-widget-text-editor\" data-id=\"2524d18\" data-element_type=\"widget\" data-widget_type=\"text-editor.default\">\n\t\t\t\t<div class=\"elementor-widget-container\">\n\t\t\t\t\t\t\t\t\t<p>\u00a0<span class=\"fontstyle0\">You then pay by visa or mastercard online, or bank transfer\u2002and other secure methods\non the site.<\/span><\/p><p><span class=\"fontstyle0\">Payment\u2002in full shall be made prior to shipping.<\/span><\/p>\t\t\t\t\t\t\t\t<\/div>\n\t\t\t\t<\/div>\n\t\t\t\t\t<\/div>\n\t\t\t\t<\/div>\n\t\t<div class=\"elementor-element elementor-element-286cd3d e-flex e-con-boxed e-con e-parent\" data-id=\"286cd3d\" data-element_type=\"container\">\n\t\t\t\t\t<div class=\"e-con-inner\">\n\t\t\t\t<div class=\"elementor-element elementor-element-3bc1be0 elementor-widget elementor-widget-heading\" data-id=\"3bc1be0\" data-element_type=\"widget\" data-widget_type=\"heading.default\">\n\t\t\t\t<div class=\"elementor-widget-container\">\n\t\t\t\t\t<h2 class=\"elementor-heading-title elementor-size-default\">6.Delivery\n<\/h2>\t\t\t\t<\/div>\n\t\t\t\t<\/div>\n\t\t\t\t\t<\/div>\n\t\t\t\t<\/div>\n\t\t<div class=\"elementor-element elementor-element-4882b86 e-flex e-con-boxed e-con e-parent\" data-id=\"4882b86\" data-element_type=\"container\">\n\t\t\t\t\t<div class=\"e-con-inner\">\n\t\t\t\t<div class=\"elementor-element elementor-element-b7bc928 elementor-widget elementor-widget-text-editor\" data-id=\"b7bc928\" data-element_type=\"widget\" data-widget_type=\"text-editor.default\">\n\t\t\t\t<div class=\"elementor-widget-container\">\n\t\t\t\t\t\t\t\t\t<p><span class=\"fontstyle0\">Deliveries are made to the address indicated during the\u2002order process.<\/span><\/p><p><span class=\"fontstyle0\">\"The delivery time depends on the destination and the\u2002shipping method.<\/span><\/p><p><span class=\"fontstyle0\">If not received within 45 days, the customer\u2002may e-mail publisher at\nfrenchpansari@gmail.com to follow up.<\/span><\/p><p><span class=\"fontstyle0\">Full\u2002payment is received before taking ownership.<\/span><\/p>\t\t\t\t\t\t\t\t<\/div>\n\t\t\t\t<\/div>\n\t\t\t\t\t<\/div>\n\t\t\t\t<\/div>\n\t\t<div class=\"elementor-element elementor-element-d865266 e-flex e-con-boxed e-con e-parent\" data-id=\"d865266\" data-element_type=\"container\">\n\t\t\t\t\t<div class=\"e-con-inner\">\n\t\t\t\t<div class=\"elementor-element elementor-element-652b65a elementor-widget elementor-widget-heading\" data-id=\"652b65a\" data-element_type=\"widget\" data-widget_type=\"heading.default\">\n\t\t\t\t<div class=\"elementor-widget-container\">\n\t\t\t\t\t<h2 class=\"elementor-heading-title elementor-size-default\">7.Right of withdrawal\n<\/h2>\t\t\t\t<\/div>\n\t\t\t\t<\/div>\n\t\t\t\t\t<\/div>\n\t\t\t\t<\/div>\n\t\t<div class=\"elementor-element elementor-element-8cb79e1 e-flex e-con-boxed e-con e-parent\" data-id=\"8cb79e1\" data-element_type=\"container\">\n\t\t\t\t\t<div class=\"e-con-inner\">\n\t\t\t\t<div class=\"elementor-element elementor-element-f5b2f9a elementor-widget elementor-widget-text-editor\" data-id=\"f5b2f9a\" data-element_type=\"widget\" data-widget_type=\"text-editor.default\">\n\t\t\t\t<div class=\"elementor-widget-container\">\n\t\t\t\t\t\t\t\t\t<p><span class=\"fontstyle0\">In accordance with Article L. 221-18 of the French Consumer Code, the customer\ndisposes a period of fourteen days from receipt\u2002of their product to withdraw, without\nhaving to provide reasons or pay penalty costs.<\/span><\/p><p><span class=\"fontstyle0\">Nothing submitted will be unsold products returned must have protected unopened\noriginal\u2002packaging.<\/span><\/p><p><span class=\"fontstyle0\">If the publisher is in error, return postage to customers will\u2002be abnormal.<\/span><\/p><p><span class=\"fontstyle0\">Refunds are issued<\/span><\/p>\t\t\t\t\t\t\t\t<\/div>\n\t\t\t\t<\/div>\n\t\t\t\t\t<\/div>\n\t\t\t\t<\/div>\n\t\t<div class=\"elementor-element elementor-element-d5adf27 e-flex e-con-boxed e-con e-parent\" data-id=\"d5adf27\" data-element_type=\"container\">\n\t\t\t\t\t<div class=\"e-con-inner\">\n\t\t\t\t<div class=\"elementor-element elementor-element-9b726a9 elementor-widget elementor-widget-heading\" data-id=\"9b726a9\" data-element_type=\"widget\" data-widget_type=\"heading.default\">\n\t\t\t\t<div class=\"elementor-widget-container\">\n\t\t\t\t\t<h2 class=\"elementor-heading-title elementor-size-default\">8.Claims and warranties\n<\/h2>\t\t\t\t<\/div>\n\t\t\t\t<\/div>\n\t\t\t\t\t<\/div>\n\t\t\t\t<\/div>\n\t\t<div class=\"elementor-element elementor-element-2d0c46b e-flex e-con-boxed e-con e-parent\" data-id=\"2d0c46b\" data-element_type=\"container\">\n\t\t\t\t\t<div class=\"e-con-inner\">\n\t\t\t\t<div class=\"elementor-element elementor-element-4cd0f30 elementor-widget elementor-widget-text-editor\" data-id=\"4cd0f30\" data-element_type=\"widget\" data-widget_type=\"text-editor.default\">\n\t\t\t\t<div class=\"elementor-widget-container\">\n\t\t\t\t\t\t\t\t\t<p><span class=\"fontstyle0\">The goods benefit from the legal guarantee of conformity\u2002(articles L217-4 to L217-14\nConsumer Code), and the guarantee against hidden defects (articles 1641 to 1649 Civil\nCode).<\/span><\/p><p><span class=\"fontstyle0\">Complaints can be emailed to\u2002frenchpansari@gmail.com.<\/span><\/p>\t\t\t\t\t\t\t\t<\/div>\n\t\t\t\t<\/div>\n\t\t\t\t\t<\/div>\n\t\t\t\t<\/div>\n\t\t<div class=\"elementor-element elementor-element-3368b53 e-flex e-con-boxed e-con e-parent\" data-id=\"3368b53\" data-element_type=\"container\">\n\t\t\t\t\t<div class=\"e-con-inner\">\n\t\t\t\t<div class=\"elementor-element elementor-element-bebb7c9 elementor-widget elementor-widget-heading\" data-id=\"bebb7c9\" data-element_type=\"widget\" data-widget_type=\"heading.default\">\n\t\t\t\t<div class=\"elementor-widget-container\">\n\t\t\t\t\t<h2 class=\"elementor-heading-title elementor-size-default\">9.Responsibility\n<\/h2>\t\t\t\t<\/div>\n\t\t\t\t<\/div>\n\t\t\t\t<div class=\"elementor-element elementor-element-fdec64a elementor-widget elementor-widget-text-editor\" data-id=\"fdec64a\" data-element_type=\"widget\" data-widget_type=\"text-editor.default\">\n\t\t\t\t<div class=\"elementor-widget-container\">\n\t\t\t\t\t\t\t\t\t<p>\u00a0<span class=\"fontstyle0\">The publisher is not liable for damages which result from improper use or failure in the\ncase of incorrect\u2002operation.<\/span><\/p><p><span class=\"fontstyle0\">The natural supplements offered are not intended to replace a balanced diet or\nmedical\u2002treatment.<\/span><\/p>\t\t\t\t\t\t\t\t<\/div>\n\t\t\t\t<\/div>\n\t\t\t\t\t<\/div>\n\t\t\t\t<\/div>\n\t\t<div class=\"elementor-element elementor-element-1e4f7d8 e-flex e-con-boxed e-con e-parent\" data-id=\"1e4f7d8\" data-element_type=\"container\">\n\t\t\t\t\t<div class=\"e-con-inner\">\n\t\t\t\t<div class=\"elementor-element elementor-element-9e8a975 elementor-widget elementor-widget-heading\" data-id=\"9e8a975\" data-element_type=\"widget\" data-widget_type=\"heading.default\">\n\t\t\t\t<div class=\"elementor-widget-container\">\n\t\t\t\t\t<h2 class=\"elementor-heading-title elementor-size-default\">10.Data Protection\n<\/h2>\t\t\t\t<\/div>\n\t\t\t\t<\/div>\n\t\t\t\t<div class=\"elementor-element elementor-element-5cb561e elementor-widget elementor-widget-text-editor\" data-id=\"5cb561e\" data-element_type=\"widget\" data-widget_type=\"text-editor.default\">\n\t\t\t\t<div class=\"elementor-widget-container\">\n\t\t\t\t\t\t\t\t\t<p><span class=\"fontstyle0\">We may require personal information to process your order and\u2002contact you.<\/span><\/p><p><span class=\"fontstyle0\">We never give it\u2002to third parties.<\/span><\/p><p><span class=\"fontstyle0\">Customers may at\u2002anytime exercise the rights of access, rectification or cancellation as\ndescribed in paragraph 2 by direct request sent to frenchpansari@gmail.com.<\/span><\/p>\t\t\t\t\t\t\t\t<\/div>\n\t\t\t\t<\/div>\n\t\t\t\t\t<\/div>\n\t\t\t\t<\/div>\n\t\t<div class=\"elementor-element elementor-element-e01b024 e-flex e-con-boxed e-con e-parent\" data-id=\"e01b024\" data-element_type=\"container\">\n\t\t\t\t\t<div class=\"e-con-inner\">\n\t\t\t\t<div class=\"elementor-element elementor-element-879844d elementor-widget elementor-widget-heading\" data-id=\"879844d\" data-element_type=\"widget\" data-widget_type=\"heading.default\">\n\t\t\t\t<div class=\"elementor-widget-container\">\n\t\t\t\t\t<h2 class=\"elementor-heading-title elementor-size-default\">11.Applicable Law and Disputes\n<\/h2>\t\t\t\t<\/div>\n\t\t\t\t<\/div>\n\t\t\t\t<div class=\"elementor-element elementor-element-a32d003 elementor-widget elementor-widget-text-editor\" data-id=\"a32d003\" data-element_type=\"widget\" data-widget_type=\"text-editor.default\">\n\t\t\t\t<div class=\"elementor-widget-container\">\n\t\t\t\t\t\t\t\t\t<p><span class=\"fontstyle0\">If\u2002you have contacted us about your personal data:<\/span><\/p><p><span class=\"fontstyle0\">French Pansari \u2013 Gagandeep Singh<\/span><\/p><p><span class=\"fontstyle0\">Email: frenchpansari@gmail.com<\/span><\/p>\t\t\t\t\t\t\t\t<\/div>\n\t\t\t\t<\/div>\n\t\t\t\t\t<\/div>\n\t\t\t\t<\/div>\n\t\t\t\t<\/div>","protected":false},"excerpt":{"rendered":"<p>Conditions G\u00e9n\u00e9rales de Vente : Version mise \u00e0 jour : 01\/12\/2025 \u00c9diteur : Gagandeep Singh \u2013 Entreprise individuelle Nom commercial [&hellip;]<\/p>","protected":false},"author":1,"featured_media":0,"parent":0,"menu_order":0,"comment_status":"closed","ping_status":"closed","template":"","meta":{"site-sidebar-layout":"no-sidebar","site-content-layout":"page-builder","ast-site-content-layout":"full-width-container","site-content-style":"default","site-sidebar-style":"default","ast-global-header-display":"","ast-banner-title-visibility":"","ast-main-header-display":"","ast-hfb-above-header-display":"","ast-hfb-below-header-display":"","ast-hfb-mobile-header-display":"","site-post-title":"disabled","ast-breadcrumbs-content":"","ast-featured-img":"disabled","footer-sml-layout":"","theme-transparent-header-meta":"","adv-header-id-meta":"","stick-header-meta":"","header-above-stick-meta":"","header-main-stick-meta":"","header-below-stick-meta":"","astra-migrate-meta-layouts":"default","ast-page-background-enabled":"default","ast-page-background-meta":{"desktop":{"background-color":"var(--ast-global-color-5)","background-image":"","background-repeat":"repeat","background-position":"center center","background-size":"auto","background-attachment":"scroll","background-type":"","background-media":"","overlay-type":"","overlay-color":"","overlay-opacity":"","overlay-gradient":""},"tablet":{"background-color":"","background-image":"","background-repeat":"repeat","background-position":"center center","background-size":"auto","background-attachment":"scroll","background-type":"","background-media":"","overlay-type":"","overlay-color":"","overlay-opacity":"","overlay-gradient":""},"mobile":{"background-color":"","background-image":"","background-repeat":"repeat","background-position":"center center","background-size":"auto","background-attachment":"scroll","background-type":"","background-media":"","overlay-type":"","overlay-color":"","overlay-opacity":"","overlay-gradient":""}},"ast-content-background-meta":{"desktop":{"background-color":"var(--ast-global-color-4)","background-image":"","background-repeat":"repeat","background-position":"center center","background-size":"auto","background-attachment":"scroll","background-type":"","background-media":"","overlay-type":"","overlay-color":"","overlay-opacity":"","overlay-gradient":""},"tablet":{"background-color":"var(--ast-global-color-4)","background-image":"","background-repeat":"repeat","background-position":"center center","background-size":"auto","background-attachment":"scroll","background-type":"","background-media":"","overlay-type":"","overlay-color":"","overlay-opacity":"","overlay-gradient":""},"mobile":{"background-color":"var(--ast-global-color-4)","background-image":"","background-repeat":"repeat","background-position":"center center","background-size":"auto","background-attachment":"scroll","background-type":"","background-media":"","overlay-type":"","overlay-color":"","overlay-opacity":"","overlay-gradient":""}},"footnotes":""},"class_list":["post-8711","page","type-page","status-publish","hentry"],"jetpack_sharing_enabled":true,"_links":{"self":[{"href":"https:\/\/frenchpansari.com\/en\/wp-json\/wp\/v2\/pages\/8711","targetHints":{"allow":["GET"]}}],"collection":[{"href":"https:\/\/frenchpansari.com\/en\/wp-json\/wp\/v2\/pages"}],"about":[{"href":"https:\/\/frenchpansari.com\/en\/wp-json\/wp\/v2\/types\/page"}],"author":[{"embeddable":true,"href":"https:\/\/frenchpansari.com\/en\/wp-json\/wp\/v2\/users\/1"}],"replies":[{"embeddable":true,"href":"https:\/\/frenchpansari.com\/en\/wp-json\/wp\/v2\/comments?post=8711"}],"version-history":[{"count":28,"href":"https:\/\/frenchpansari.com\/en\/wp-json\/wp\/v2\/pages\/8711\/revisions"}],"predecessor-version":[{"id":9342,"href":"https:\/\/frenchpansari.com\/en\/wp-json\/wp\/v2\/pages\/8711\/revisions\/9342"}],"wp:attachment":[{"href":"https:\/\/frenchpansari.com\/en\/wp-json\/wp\/v2\/media?parent=8711"}],"curies":[{"name":"wp","href":"https:\/\/api.w.org\/{rel}","templated":true}]}}