{"id":8711,"date":"2025-10-16T12:30:53","date_gmt":"2025-10-16T12:30:53","guid":{"rendered":"http:\/\/frenchpansari.com\/?page_id=8711"},"modified":"2026-01-08T09:50:57","modified_gmt":"2026-01-08T09:50:57","slug":"terms-conditions","status":"publish","type":"page","link":"https:\/\/frenchpansari.com\/fr\/terms-conditions\/","title":{"rendered":"Terms &#038; Conditions"},"content":{"rendered":"\t\t<div data-elementor-type=\"wp-post\" data-elementor-id=\"8711\" class=\"elementor elementor-8711\">\n\t\t\t\t<div class=\"elementor-element elementor-element-f6a4c55 e-con-full e-flex e-con e-parent\" data-id=\"f6a4c55\" data-element_type=\"container\" data-settings=\"{&quot;background_background&quot;:&quot;classic&quot;}\">\n\t\t<div class=\"elementor-element elementor-element-df1af7c e-con-full e-flex e-con e-child\" data-id=\"df1af7c\" data-element_type=\"container\">\n\t\t\t\t<div class=\"elementor-element elementor-element-7b75ff7 elementor-widget elementor-widget-heading\" data-id=\"7b75ff7\" data-element_type=\"widget\" data-widget_type=\"heading.default\">\n\t\t\t\t<div class=\"elementor-widget-container\">\n\t\t\t\t\t<h1 class=\"elementor-heading-title elementor-size-default\">Conditions G\u00e9n\u00e9rales de Vente :<\/h1>\t\t\t\t<\/div>\n\t\t\t\t<\/div>\n\t\t\t\t<\/div>\n\t\t\t\t<\/div>\n\t\t<div class=\"elementor-element elementor-element-4931690 e-flex e-con-boxed e-con e-parent\" data-id=\"4931690\" data-element_type=\"container\" data-settings=\"{&quot;background_background&quot;:&quot;classic&quot;}\">\n\t\t\t\t\t<div class=\"e-con-inner\">\n\t\t<div class=\"elementor-element elementor-element-b4d7f90 e-con-full e-flex e-con e-child\" data-id=\"b4d7f90\" data-element_type=\"container\">\n\t\t\t\t<div class=\"elementor-element elementor-element-13e40f5 elementor-widget elementor-widget-text-editor\" data-id=\"13e40f5\" data-element_type=\"widget\" data-widget_type=\"text-editor.default\">\n\t\t\t\t<div class=\"elementor-widget-container\">\n\t\t\t\t\t\t\t\t\t<p><span class=\"fontstyle0\">Version mise \u00e0 jour : 01\/12\/2025<\/span><\/p><p><span class=\"fontstyle0\">\u00c9diteur : Gagandeep Singh \u2013 Entreprise individuelle<\/span><\/p><p><span class=\"fontstyle0\">Nom commercial : French Pansari<\/span><\/p><p><span class=\"fontstyle0\">Courriel : frenchpansari@gmail.com<\/span><\/p><p><span class=\"fontstyle0\">SIREN : 989 924 352<\/span><\/p><p><span class=\"fontstyle0\">Adresse : 14 rue Daniel Dohet, 93350 Le Bourget<\/span> <br \/><br \/><\/p>\t\t\t\t\t\t\t\t<\/div>\n\t\t\t\t<\/div>\n\t\t\t\t<div class=\"elementor-element elementor-element-04b4fa3 elementor-position-left elementor-view-default elementor-mobile-position-top elementor-widget elementor-widget-icon-box\" data-id=\"04b4fa3\" data-element_type=\"widget\" data-widget_type=\"icon-box.default\">\n\t\t\t\t<div class=\"elementor-widget-container\">\n\t\t\t\t\t\t\t<div class=\"elementor-icon-box-wrapper\">\n\n\t\t\t\t\t\t<div class=\"elementor-icon-box-icon\">\n\t\t\t\t<span  class=\"elementor-icon\">\n\t\t\t\t<i aria-hidden=\"true\" class=\"fas fa-map-pin\"><\/i>\t\t\t\t<\/span>\n\t\t\t<\/div>\n\t\t\t\n\t\t\t\t\t\t<div class=\"elementor-icon-box-content\">\n\n\t\t\t\t\t\t\t\t\t<h3 class=\"elementor-icon-box-title\">\n\t\t\t\t\t\t<span  >\n\t\t\t\t\t\t\t1. Objet\t\t\t\t\t\t<\/span>\n\t\t\t\t\t<\/h3>\n\t\t\t\t\n\t\t\t\t\n\t\t\t<\/div>\n\t\t\t\n\t\t<\/div>\n\t\t\t\t\t\t<\/div>\n\t\t\t\t<\/div>\n\t\t\t\t<div class=\"elementor-element elementor-element-ce8ebc5 elementor-widget elementor-widget-text-editor\" data-id=\"ce8ebc5\" data-element_type=\"widget\" data-widget_type=\"text-editor.default\">\n\t\t\t\t<div class=\"elementor-widget-container\">\n\t\t\t\t\t\t\t\t\t<p style=\"margin-bottom: 0in;\"><span class=\"fontstyle0\">Les pr\u00e9sentes conditions g\u00e9n\u00e9rales de vente s&rsquo;appliquent \u00e0 la vente de produits sur le site frenchpansari.ease.com.<\/span> <\/p><p><span class=\"fontstyle0\">Toute commande est accept\u00e9e sous r\u00e9serve de l&rsquo;acceptation pleine et enti\u00e8re des pr\u00e9sentes conditions g\u00e9n\u00e9rales de vente, \u00e0 l&rsquo;exclusion de toutes autres conditions.<\/span> <\/p>\t\t\t\t\t\t\t\t<\/div>\n\t\t\t\t<\/div>\n\t\t\t\t<\/div>\n\t\t\t\t<div class=\"elementor-element elementor-element-5c824f3 elementor-widget elementor-widget-heading\" data-id=\"5c824f3\" data-element_type=\"widget\" data-widget_type=\"heading.default\">\n\t\t\t\t<div class=\"elementor-widget-container\">\n\t\t\t\t\t<h2 class=\"elementor-heading-title elementor-size-default\">2. Produits<\/h2>\t\t\t\t<\/div>\n\t\t\t\t<\/div>\n\t\t\t\t<div class=\"elementor-element elementor-element-4472b0b elementor-widget elementor-widget-text-editor\" data-id=\"4472b0b\" data-element_type=\"widget\" data-widget_type=\"text-editor.default\">\n\t\t\t\t<div class=\"elementor-widget-container\">\n\t\t\t\t\t\t\t\t\t<p><span class=\"fontstyle0\">Description et pr\u00e9sentation des produits propos\u00e9s \u00e0 la vente Les produits propos\u00e9s \u00e0 la vente sont d\u00e9crits et pr\u00e9sent\u00e9s avec la plus grande pr\u00e9cision possible.<\/span> <\/p><p><span class=\"fontstyle0\">Les photographies et les textes illustrant les produits ne sont pas contractuels. Le Shilajit vendu sur ce site est un compl\u00e9ment alimentaire naturel destin\u00e9 exclusivement \u00e0 un usage nutritionnel. Il ne doit en aucun cas \u00eatre utilis\u00e9 pour diagnostiquer, traiter, gu\u00e9rir ou pr\u00e9venir une quelconque maladie.<\/span> <\/p><p><span class=\"fontstyle0\">Ce site ne contient aucun conseil m\u00e9dical ou juridique.<\/span> <\/p>\t\t\t\t\t\t\t\t<\/div>\n\t\t\t\t<\/div>\n\t\t\t\t\t<\/div>\n\t\t\t\t<\/div>\n\t\t<div class=\"elementor-element elementor-element-6010c2a e-flex e-con-boxed e-con e-parent\" data-id=\"6010c2a\" data-element_type=\"container\">\n\t\t\t\t\t<div class=\"e-con-inner\">\n\t\t\t\t<div class=\"elementor-element elementor-element-d7a2dae elementor-widget elementor-widget-heading\" data-id=\"d7a2dae\" data-element_type=\"widget\" data-widget_type=\"heading.default\">\n\t\t\t\t<div class=\"elementor-widget-container\">\n\t\t\t\t\t<h2 class=\"elementor-heading-title elementor-size-default\">3. Prix\n<\/h2>\t\t\t\t<\/div>\n\t\t\t\t<\/div>\n\t\t\t\t\t<\/div>\n\t\t\t\t<\/div>\n\t\t<div class=\"elementor-element elementor-element-4d5f8f4 e-flex e-con-boxed e-con e-parent\" data-id=\"4d5f8f4\" data-element_type=\"container\">\n\t\t\t\t\t<div class=\"e-con-inner\">\n\t\t\t\t<div class=\"elementor-element elementor-element-897e5f3 elementor-widget elementor-widget-text-editor\" data-id=\"897e5f3\" data-element_type=\"widget\" data-widget_type=\"text-editor.default\">\n\t\t\t\t<div class=\"elementor-widget-container\">\n\t\t\t\t\t\t\t\t\t<p><span class=\"fontstyle0\">Les prix sont exprim\u00e9s en euros (\u20ac) et incluent toutes les taxes (TVA).<\/span><\/p><p><span class=\"fontstyle0\">Pour la France m\u00e9tropolitaine, les frais de livraison ne sont pas inclus dans le prix affich\u00e9 et sont indiqu\u00e9s lors de la commande.<\/span><\/p><p><span class=\"fontstyle0\">Les prix sont susceptibles d&rsquo;\u00eatre modifi\u00e9s par l&rsquo;\u00e9diteur \u00e0 tout moment, mais les produits seront factur\u00e9s selon les prix en vigueur au moment de l&rsquo;exp\u00e9dition.<\/span><\/p>\t\t\t\t\t\t\t\t<\/div>\n\t\t\t\t<\/div>\n\t\t\t\t\t<\/div>\n\t\t\t\t<\/div>\n\t\t<div class=\"elementor-element elementor-element-6e5b0df e-flex e-con-boxed e-con e-parent\" data-id=\"6e5b0df\" data-element_type=\"container\">\n\t\t\t\t\t<div class=\"e-con-inner\">\n\t\t\t\t<div class=\"elementor-element elementor-element-254a1d6 elementor-widget elementor-widget-heading\" data-id=\"254a1d6\" data-element_type=\"widget\" data-widget_type=\"heading.default\">\n\t\t\t\t<div class=\"elementor-widget-container\">\n\t\t\t\t\t<h2 class=\"elementor-heading-title elementor-size-default\">4. Commande\n<\/h2>\t\t\t\t<\/div>\n\t\t\t\t<\/div>\n\t\t\t\t\t<\/div>\n\t\t\t\t<\/div>\n\t\t<div class=\"elementor-element elementor-element-60af707 e-flex e-con-boxed e-con e-parent\" data-id=\"60af707\" data-element_type=\"container\">\n\t\t\t\t\t<div class=\"e-con-inner\">\n\t\t\t\t<div class=\"elementor-element elementor-element-25894c8 elementor-widget elementor-widget-text-editor\" data-id=\"25894c8\" data-element_type=\"widget\" data-widget_type=\"text-editor.default\">\n\t\t\t\t<div class=\"elementor-widget-container\">\n\t\t\t\t\t\t\t\t\t<p><span class=\"fontstyle0\">L&rsquo;utilisateur valide sa commande en cliquant sur le bouton :<\/span> <\/p><p><span class=\"fontstyle0\">\u00ab Commander avec obligation de paiement \u00bb.<\/span> <\/p><p><span class=\"fontstyle0\">Les pr\u00e9sentes conditions g\u00e9n\u00e9rales s&rsquo;appliquent \u00e0 toutes les commandes pass\u00e9es sur ce site.<\/span> <\/p><p><span class=\"fontstyle0\">Vous recevrez un e-mail de confirmation de commande.<\/span><\/p>\t\t\t\t\t\t\t\t<\/div>\n\t\t\t\t<\/div>\n\t\t\t\t\t<\/div>\n\t\t\t\t<\/div>\n\t\t<div class=\"elementor-element elementor-element-ea7a066 e-flex e-con-boxed e-con e-parent\" data-id=\"ea7a066\" data-element_type=\"container\">\n\t\t\t\t\t<div class=\"e-con-inner\">\n\t\t\t\t<div class=\"elementor-element elementor-element-3e54d81 elementor-widget elementor-widget-heading\" data-id=\"3e54d81\" data-element_type=\"widget\" data-widget_type=\"heading.default\">\n\t\t\t\t<div class=\"elementor-widget-container\">\n\t\t\t\t\t<h2 class=\"elementor-heading-title elementor-size-default\">5. Paiement\n<\/h2>\t\t\t\t<\/div>\n\t\t\t\t<\/div>\n\t\t\t\t\t<\/div>\n\t\t\t\t<\/div>\n\t\t<div class=\"elementor-element elementor-element-b927de3 e-flex e-con-boxed e-con e-parent\" data-id=\"b927de3\" data-element_type=\"container\">\n\t\t\t\t\t<div class=\"e-con-inner\">\n\t\t\t\t<div class=\"elementor-element elementor-element-2524d18 elementor-widget elementor-widget-text-editor\" data-id=\"2524d18\" data-element_type=\"widget\" data-widget_type=\"text-editor.default\">\n\t\t\t\t<div class=\"elementor-widget-container\">\n\t\t\t\t\t\t\t\t\t<p>\u00a0<span class=\"fontstyle0\">Vous pouvez ensuite payer en ligne par carte Visa ou Mastercard, par virement bancaire ou par d&rsquo;autres moyens de paiement s\u00e9curis\u00e9s propos\u00e9s sur le site.<\/span><\/p><p><span class=\"fontstyle0\">Le paiement int\u00e9gral doit \u00eatre effectu\u00e9 avant l&rsquo;exp\u00e9dition.<\/span><\/p>\t\t\t\t\t\t\t\t<\/div>\n\t\t\t\t<\/div>\n\t\t\t\t\t<\/div>\n\t\t\t\t<\/div>\n\t\t<div class=\"elementor-element elementor-element-286cd3d e-flex e-con-boxed e-con e-parent\" data-id=\"286cd3d\" data-element_type=\"container\">\n\t\t\t\t\t<div class=\"e-con-inner\">\n\t\t\t\t<div class=\"elementor-element elementor-element-3bc1be0 elementor-widget elementor-widget-heading\" data-id=\"3bc1be0\" data-element_type=\"widget\" data-widget_type=\"heading.default\">\n\t\t\t\t<div class=\"elementor-widget-container\">\n\t\t\t\t\t<h2 class=\"elementor-heading-title elementor-size-default\">6. Livraison\n<\/h2>\t\t\t\t<\/div>\n\t\t\t\t<\/div>\n\t\t\t\t\t<\/div>\n\t\t\t\t<\/div>\n\t\t<div class=\"elementor-element elementor-element-4882b86 e-flex e-con-boxed e-con e-parent\" data-id=\"4882b86\" data-element_type=\"container\">\n\t\t\t\t\t<div class=\"e-con-inner\">\n\t\t\t\t<div class=\"elementor-element elementor-element-b7bc928 elementor-widget elementor-widget-text-editor\" data-id=\"b7bc928\" data-element_type=\"widget\" data-widget_type=\"text-editor.default\">\n\t\t\t\t<div class=\"elementor-widget-container\">\n\t\t\t\t\t\t\t\t\t<p><span class=\"fontstyle0\">Les livraisons sont effectu\u00e9es \u00e0 l&rsquo;adresse indiqu\u00e9e lors de la commande.<\/span><\/p><p><span class=\"fontstyle0\">Le d\u00e9lai de livraison d\u00e9pend de la destination et du mode d&rsquo;exp\u00e9dition.<\/span><\/p><p><span class=\"fontstyle0\">Si la commande n&rsquo;est pas re\u00e7ue sous 45 jours, le client peut contacter l&rsquo;\u00e9diteur par courriel \u00e0 l&rsquo;adresse frenchpansari@gmail.com pour un suivi.<\/span><\/p><p><span class=\"fontstyle0\">Le paiement int\u00e9gral est exig\u00e9 avant la prise de possession.<\/span><\/p>\t\t\t\t\t\t\t\t<\/div>\n\t\t\t\t<\/div>\n\t\t\t\t\t<\/div>\n\t\t\t\t<\/div>\n\t\t<div class=\"elementor-element elementor-element-d865266 e-flex e-con-boxed e-con e-parent\" data-id=\"d865266\" data-element_type=\"container\">\n\t\t\t\t\t<div class=\"e-con-inner\">\n\t\t\t\t<div class=\"elementor-element elementor-element-652b65a elementor-widget elementor-widget-heading\" data-id=\"652b65a\" data-element_type=\"widget\" data-widget_type=\"heading.default\">\n\t\t\t\t<div class=\"elementor-widget-container\">\n\t\t\t\t\t<h2 class=\"elementor-heading-title elementor-size-default\">7. Droit de r\u00e9tractation\n<\/h2>\t\t\t\t<\/div>\n\t\t\t\t<\/div>\n\t\t\t\t\t<\/div>\n\t\t\t\t<\/div>\n\t\t<div class=\"elementor-element elementor-element-8cb79e1 e-flex e-con-boxed e-con e-parent\" data-id=\"8cb79e1\" data-element_type=\"container\">\n\t\t\t\t\t<div class=\"e-con-inner\">\n\t\t\t\t<div class=\"elementor-element elementor-element-f5b2f9a elementor-widget elementor-widget-text-editor\" data-id=\"f5b2f9a\" data-element_type=\"widget\" data-widget_type=\"text-editor.default\">\n\t\t\t\t<div class=\"elementor-widget-container\">\n\t\t\t\t\t\t\t\t\t<p><span class=\"fontstyle0\">Conform\u00e9ment \u00e0 l&rsquo;article L. 221-18 du Code de la consommation, le client dispose d&rsquo;un d\u00e9lai de quatorze jours \u00e0 compter de la r\u00e9ception du produit pour se r\u00e9tracter, sans avoir \u00e0 justifier de motifs ni \u00e0 payer de p\u00e9nalit\u00e9s.<\/span><\/p><p><span class=\"fontstyle0\">Les produits retourn\u00e9s doivent \u00eatre dans leur emballage d&rsquo;origine intact et non ouvert.<\/span><\/p><p><span class=\"fontstyle0\">Si l&rsquo;erreur est imputable \u00e0 l&rsquo;\u00e9diteur, les frais de retour seront \u00e0 la charge du client.<\/span><\/p><p><span class=\"fontstyle0\">Les remboursements sont effectu\u00e9s.<\/span><\/p>\t\t\t\t\t\t\t\t<\/div>\n\t\t\t\t<\/div>\n\t\t\t\t\t<\/div>\n\t\t\t\t<\/div>\n\t\t<div class=\"elementor-element elementor-element-d5adf27 e-flex e-con-boxed e-con e-parent\" data-id=\"d5adf27\" data-element_type=\"container\">\n\t\t\t\t\t<div class=\"e-con-inner\">\n\t\t\t\t<div class=\"elementor-element elementor-element-9b726a9 elementor-widget elementor-widget-heading\" data-id=\"9b726a9\" data-element_type=\"widget\" data-widget_type=\"heading.default\">\n\t\t\t\t<div class=\"elementor-widget-container\">\n\t\t\t\t\t<h2 class=\"elementor-heading-title elementor-size-default\">8. R\u00e9clamations et garanties\n<\/h2>\t\t\t\t<\/div>\n\t\t\t\t<\/div>\n\t\t\t\t\t<\/div>\n\t\t\t\t<\/div>\n\t\t<div class=\"elementor-element elementor-element-2d0c46b e-flex e-con-boxed e-con e-parent\" data-id=\"2d0c46b\" data-element_type=\"container\">\n\t\t\t\t\t<div class=\"e-con-inner\">\n\t\t\t\t<div class=\"elementor-element elementor-element-4cd0f30 elementor-widget elementor-widget-text-editor\" data-id=\"4cd0f30\" data-element_type=\"widget\" data-widget_type=\"text-editor.default\">\n\t\t\t\t<div class=\"elementor-widget-container\">\n\t\t\t\t\t\t\t\t\t<p><span class=\"fontstyle0\">Les biens b\u00e9n\u00e9ficient de la garantie l\u00e9gale de conformit\u00e9 (articles L217-4 \u00e0 L217-14 du Code de la consommation) et de la garantie contre les vices cach\u00e9s (articles 1641 \u00e0 1649 du Code civil).<\/span><\/p><p><span class=\"fontstyle0\">Les r\u00e9clamations peuvent \u00eatre adress\u00e9es par courriel. \u00e0 frenchpansari@gmail.com.<\/span><\/p>\t\t\t\t\t\t\t\t<\/div>\n\t\t\t\t<\/div>\n\t\t\t\t\t<\/div>\n\t\t\t\t<\/div>\n\t\t<div class=\"elementor-element elementor-element-3368b53 e-flex e-con-boxed e-con e-parent\" data-id=\"3368b53\" data-element_type=\"container\">\n\t\t\t\t\t<div class=\"e-con-inner\">\n\t\t\t\t<div class=\"elementor-element elementor-element-bebb7c9 elementor-widget elementor-widget-heading\" data-id=\"bebb7c9\" data-element_type=\"widget\" data-widget_type=\"heading.default\">\n\t\t\t\t<div class=\"elementor-widget-container\">\n\t\t\t\t\t<h2 class=\"elementor-heading-title elementor-size-default\">9. Responsabilit\u00e9\n<\/h2>\t\t\t\t<\/div>\n\t\t\t\t<\/div>\n\t\t\t\t<div class=\"elementor-element elementor-element-fdec64a elementor-widget elementor-widget-text-editor\" data-id=\"fdec64a\" data-element_type=\"widget\" data-widget_type=\"text-editor.default\">\n\t\t\t\t<div class=\"elementor-widget-container\">\n\t\t\t\t\t\t\t\t\t<p>\u00a0<span class=\"fontstyle0\">L&rsquo;\u00e9diteur d\u00e9cline toute responsabilit\u00e9 pour les dommages r\u00e9sultant d&rsquo;une utilisation inappropri\u00e9e ou d&rsquo;un dysfonctionnement en cas de mauvaise utilisation.<\/span><\/p><p><span class=\"fontstyle0\">Les compl\u00e9ments alimentaires naturels propos\u00e9s ne sauraient se substituer \u00e0 une alimentation \u00e9quilibr\u00e9e ni \u00e0 un traitement m\u00e9dical.<\/span><\/p>\t\t\t\t\t\t\t\t<\/div>\n\t\t\t\t<\/div>\n\t\t\t\t\t<\/div>\n\t\t\t\t<\/div>\n\t\t<div class=\"elementor-element elementor-element-1e4f7d8 e-flex e-con-boxed e-con e-parent\" data-id=\"1e4f7d8\" data-element_type=\"container\">\n\t\t\t\t\t<div class=\"e-con-inner\">\n\t\t\t\t<div class=\"elementor-element elementor-element-9e8a975 elementor-widget elementor-widget-heading\" data-id=\"9e8a975\" data-element_type=\"widget\" data-widget_type=\"heading.default\">\n\t\t\t\t<div class=\"elementor-widget-container\">\n\t\t\t\t\t<h2 class=\"elementor-heading-title elementor-size-default\">10. Protection des donn\u00e9es\n<\/h2>\t\t\t\t<\/div>\n\t\t\t\t<\/div>\n\t\t\t\t<div class=\"elementor-element elementor-element-5cb561e elementor-widget elementor-widget-text-editor\" data-id=\"5cb561e\" data-element_type=\"widget\" data-widget_type=\"text-editor.default\">\n\t\t\t\t<div class=\"elementor-widget-container\">\n\t\t\t\t\t\t\t\t\t<p><span class=\"fontstyle0\">Nous pouvons \u00eatre amen\u00e9s \u00e0 vous demander des informations personnelles afin de traiter votre commande et de vous contacter.<\/span><\/p><p><span class=\"fontstyle0\">Nous ne les communiquons jamais \u00e0 des tiers.<\/span><\/p><p><span class=\"fontstyle0\">Vous pouvez exercer \u00e0 tout moment vos droits d&rsquo;acc\u00e8s, de rectification et d&rsquo;effacement, tels que d\u00e9crits au paragraphe 2, en adressant votre demande \u00e0 frenchpansari@gmail.com.<\/span><\/p>\t\t\t\t\t\t\t\t<\/div>\n\t\t\t\t<\/div>\n\t\t\t\t\t<\/div>\n\t\t\t\t<\/div>\n\t\t<div class=\"elementor-element elementor-element-e01b024 e-flex e-con-boxed e-con e-parent\" data-id=\"e01b024\" data-element_type=\"container\">\n\t\t\t\t\t<div class=\"e-con-inner\">\n\t\t\t\t<div class=\"elementor-element elementor-element-879844d elementor-widget elementor-widget-heading\" data-id=\"879844d\" data-element_type=\"widget\" data-widget_type=\"heading.default\">\n\t\t\t\t<div class=\"elementor-widget-container\">\n\t\t\t\t\t<h2 class=\"elementor-heading-title elementor-size-default\">11. Droit applicable et litiges\n<\/h2>\t\t\t\t<\/div>\n\t\t\t\t<\/div>\n\t\t\t\t<div class=\"elementor-element elementor-element-a32d003 elementor-widget elementor-widget-text-editor\" data-id=\"a32d003\" data-element_type=\"widget\" data-widget_type=\"text-editor.default\">\n\t\t\t\t<div class=\"elementor-widget-container\">\n\t\t\t\t\t\t\t\t\t<p><span class=\"fontstyle0\">Si vous nous avez contact\u00e9s concernant vos donn\u00e9es personnelles :<\/span><\/p><p><span class=\"fontstyle0\">French Pansari \u2013 Gagandeep Singh<\/span><\/p><p><span class=\"fontstyle0\">Courriel : frenchpansari@gmail.com<\/span><\/p>\t\t\t\t\t\t\t\t<\/div>\n\t\t\t\t<\/div>\n\t\t\t\t\t<\/div>\n\t\t\t\t<\/div>\n\t\t\t\t<\/div>\n\t\t","protected":false},"excerpt":{"rendered":"<p>Conditions G\u00e9n\u00e9rales de Vente : Version mise \u00e0 jour : 01\/12\/2025 \u00c9diteur : Gagandeep Singh \u2013 Entreprise individuelle Nom commercial [&hellip;]<\/p>\n","protected":false},"author":1,"featured_media":0,"parent":0,"menu_order":0,"comment_status":"closed","ping_status":"closed","template":"","meta":{"site-sidebar-layout":"no-sidebar","site-content-layout":"page-builder","ast-site-content-layout":"full-width-container","site-content-style":"default","site-sidebar-style":"default","ast-global-header-display":"","ast-banner-title-visibility":"","ast-main-header-display":"","ast-hfb-above-header-display":"","ast-hfb-below-header-display":"","ast-hfb-mobile-header-display":"","site-post-title":"disabled","ast-breadcrumbs-content":"","ast-featured-img":"disabled","footer-sml-layout":"","theme-transparent-header-meta":"","adv-header-id-meta":"","stick-header-meta":"","header-above-stick-meta":"","header-main-stick-meta":"","header-below-stick-meta":"","astra-migrate-meta-layouts":"default","ast-page-background-enabled":"default","ast-page-background-meta":{"desktop":{"background-color":"var(--ast-global-color-5)","background-image":"","background-repeat":"repeat","background-position":"center center","background-size":"auto","background-attachment":"scroll","background-type":"","background-media":"","overlay-type":"","overlay-color":"","overlay-opacity":"","overlay-gradient":""},"tablet":{"background-color":"","background-image":"","background-repeat":"repeat","background-position":"center center","background-size":"auto","background-attachment":"scroll","background-type":"","background-media":"","overlay-type":"","overlay-color":"","overlay-opacity":"","overlay-gradient":""},"mobile":{"background-color":"","background-image":"","background-repeat":"repeat","background-position":"center center","background-size":"auto","background-attachment":"scroll","background-type":"","background-media":"","overlay-type":"","overlay-color":"","overlay-opacity":"","overlay-gradient":""}},"ast-content-background-meta":{"desktop":{"background-color":"var(--ast-global-color-4)","background-image":"","background-repeat":"repeat","background-position":"center center","background-size":"auto","background-attachment":"scroll","background-type":"","background-media":"","overlay-type":"","overlay-color":"","overlay-opacity":"","overlay-gradient":""},"tablet":{"background-color":"var(--ast-global-color-4)","background-image":"","background-repeat":"repeat","background-position":"center center","background-size":"auto","background-attachment":"scroll","background-type":"","background-media":"","overlay-type":"","overlay-color":"","overlay-opacity":"","overlay-gradient":""},"mobile":{"background-color":"var(--ast-global-color-4)","background-image":"","background-repeat":"repeat","background-position":"center center","background-size":"auto","background-attachment":"scroll","background-type":"","background-media":"","overlay-type":"","overlay-color":"","overlay-opacity":"","overlay-gradient":""}},"footnotes":""},"class_list":["post-8711","page","type-page","status-publish","hentry"],"jetpack_sharing_enabled":true,"_links":{"self":[{"href":"https:\/\/frenchpansari.com\/fr\/wp-json\/wp\/v2\/pages\/8711","targetHints":{"allow":["GET"]}}],"collection":[{"href":"https:\/\/frenchpansari.com\/fr\/wp-json\/wp\/v2\/pages"}],"about":[{"href":"https:\/\/frenchpansari.com\/fr\/wp-json\/wp\/v2\/types\/page"}],"author":[{"embeddable":true,"href":"https:\/\/frenchpansari.com\/fr\/wp-json\/wp\/v2\/users\/1"}],"replies":[{"embeddable":true,"href":"https:\/\/frenchpansari.com\/fr\/wp-json\/wp\/v2\/comments?post=8711"}],"version-history":[{"count":28,"href":"https:\/\/frenchpansari.com\/fr\/wp-json\/wp\/v2\/pages\/8711\/revisions"}],"predecessor-version":[{"id":9342,"href":"https:\/\/frenchpansari.com\/fr\/wp-json\/wp\/v2\/pages\/8711\/revisions\/9342"}],"wp:attachment":[{"href":"https:\/\/frenchpansari.com\/fr\/wp-json\/wp\/v2\/media?parent=8711"}],"curies":[{"name":"wp","href":"https:\/\/api.w.org\/{rel}","templated":true}]}}